{"id":437,"date":"2019-05-16T11:41:03","date_gmt":"2019-05-16T11:41:03","guid":{"rendered":"https:\/\/demo.hashthemes.com\/total\/?page_id=437"},"modified":"2023-01-12T14:05:57","modified_gmt":"2023-01-12T13:05:57","slug":"products","status":"publish","type":"page","link":"https:\/\/first-spectrum-view.com\/de\/products\/","title":{"rendered":"Produkte"},"content":{"rendered":"<div style=\"height:30px\" aria-hidden=\"true\" class=\"wp-block-spacer\"><\/div>\n\n\n\n<div class=\"wp-block-columns is-layout-flex wp-container-core-columns-is-layout-1 wp-block-columns-is-layout-flex\">\n<div class=\"wp-block-column is-layout-flow wp-block-column-is-layout-flow\">\n<h2 class=\"has-text-align-center wp-block-heading\"><\/h2>\n<\/div>\n\n\n\n<div class=\"wp-block-column is-layout-flow wp-block-column-is-layout-flow\">\n<h2 class=\"has-text-align-center wp-block-heading\"><a href=\"https:\/\/first-spectrum-view.com\/de\/?page_id=1581\" data-type=\"URL\" data-id=\"https:\/\/first-spectrum-view.com\/?page_id=1581\">RX-Eagle Drohne<\/a><\/h2>\n\n\n\n<figure class=\"wp-block-image size-full is-style-default\"><a href=\"https:\/\/first-spectrum-view.com\/de\/?page_id=1581\" rel=\"https:\/\/first-spectrum-view.com\/?page_id=1581\"><img fetchpriority=\"high\" decoding=\"async\" width=\"800\" height=\"600\" src=\"https:\/\/first-spectrum-view.com\/wp-content\/uploads\/2022\/09\/RX-Eagle_Drone.jpg\" alt=\"\" class=\"wp-image-1632\" srcset=\"https:\/\/first-spectrum-view.com\/wp-content\/uploads\/2022\/09\/RX-Eagle_Drone.jpg 800w, https:\/\/first-spectrum-view.com\/wp-content\/uploads\/2022\/09\/RX-Eagle_Drone-300x225.jpg 300w, https:\/\/first-spectrum-view.com\/wp-content\/uploads\/2022\/09\/RX-Eagle_Drone-768x576.jpg 768w, https:\/\/first-spectrum-view.com\/wp-content\/uploads\/2022\/09\/RX-Eagle_Drone-16x12.jpg 16w\" sizes=\"(max-width: 800px) 100vw, 800px\" \/><\/a><\/figure>\n\n\n\n<p class=\"has-text-align-center\">Mit unserer integrierten UAV-basierten HF-Messl\u00f6sung, bieten wir ein System an, das Ihre Messungen <br>von der Schwerkraft befreit und die M\u00f6glichkeiten der St\u00f6rungssuche und Antennencharakterisierung auf eine neues Level hebt.<\/p>\n<\/div>\n\n\n\n<div class=\"wp-block-column is-layout-flow wp-block-column-is-layout-flow\">\n<h2 class=\"has-text-align-center wp-block-heading\"><\/h2>\n<\/div>\n<\/div>\n\n\n\n<div style=\"height:50px\" aria-hidden=\"true\" class=\"wp-block-spacer\"><\/div>\n\n\n\n<div class=\"wp-block-columns is-layout-flex wp-container-core-columns-is-layout-2 wp-block-columns-is-layout-flex\">\n<div class=\"wp-block-column is-vertically-aligned-center is-layout-flow wp-block-column-is-layout-flow\">\n<div style=\"height:30px\" aria-hidden=\"true\" class=\"wp-block-spacer\"><\/div>\n\n\n\n<div class=\"wp-block-buttons is-layout-flex wp-block-buttons-is-layout-flex\"><\/div>\n<\/div>\n\n\n\n<div class=\"wp-block-column is-layout-flow wp-block-column-is-layout-flow\"><\/div>\n<\/div>\n\n\n\n<div style=\"height:50px\" aria-hidden=\"true\" class=\"wp-block-spacer\"><\/div>\n\n\n\n<div class=\"wp-block-columns is-layout-flex wp-container-core-columns-is-layout-3 wp-block-columns-is-layout-flex\">\n<div class=\"wp-block-column is-layout-flow wp-block-column-is-layout-flow\" style=\"flex-basis:10%\"><\/div>\n\n\n\n<div class=\"wp-block-column is-layout-flow wp-block-column-is-layout-flow\" style=\"flex-basis:80%\"><\/div>\n\n\n\n<div class=\"wp-block-column is-layout-flow wp-block-column-is-layout-flow\" style=\"flex-basis:10%\"><\/div>\n<\/div>\n\n\n\n<div class=\"wp-block-columns is-layout-flex wp-container-core-columns-is-layout-4 wp-block-columns-is-layout-flex\">\n<div class=\"wp-block-column is-layout-flow wp-block-column-is-layout-flow\"><\/div>\n\n\n\n<div class=\"wp-block-column is-layout-flow wp-block-column-is-layout-flow\"><\/div>\n\n\n\n<div class=\"wp-block-column is-layout-flow wp-block-column-is-layout-flow\"><\/div>\n<\/div>\n\n\n\n<p><\/p>","protected":false},"excerpt":{"rendered":"<p>RX-Eagle Drone With our integrated UAV based RF measurement solution, we offer a system that frees your RF measurements from gravity and raises the capabilities in interference hunting and antenna characterization to another level.<\/p>","protected":false},"author":1,"featured_media":0,"parent":0,"menu_order":10,"comment_status":"closed","ping_status":"closed","template":"","meta":{"footnotes":""},"_links":{"self":[{"href":"https:\/\/first-spectrum-view.com\/de\/wp-json\/wp\/v2\/pages\/437"}],"collection":[{"href":"https:\/\/first-spectrum-view.com\/de\/wp-json\/wp\/v2\/pages"}],"about":[{"href":"https:\/\/first-spectrum-view.com\/de\/wp-json\/wp\/v2\/types\/page"}],"author":[{"embeddable":true,"href":"https:\/\/first-spectrum-view.com\/de\/wp-json\/wp\/v2\/users\/1"}],"replies":[{"embeddable":true,"href":"https:\/\/first-spectrum-view.com\/de\/wp-json\/wp\/v2\/comments?post=437"}],"version-history":[{"count":21,"href":"https:\/\/first-spectrum-view.com\/de\/wp-json\/wp\/v2\/pages\/437\/revisions"}],"predecessor-version":[{"id":1791,"href":"https:\/\/first-spectrum-view.com\/de\/wp-json\/wp\/v2\/pages\/437\/revisions\/1791"}],"wp:attachment":[{"href":"https:\/\/first-spectrum-view.com\/de\/wp-json\/wp\/v2\/media?parent=437"}],"curies":[{"name":"wp","href":"https:\/\/api.w.org\/{rel}","templated":true}]}}