{"id":1581,"date":"2022-07-06T17:05:03","date_gmt":"2022-07-06T16:05:03","guid":{"rendered":"https:\/\/first-spectrum-view.com\/?page_id=1581"},"modified":"2026-02-03T16:29:12","modified_gmt":"2026-02-03T15:29:12","slug":"rx-eagle-drone","status":"publish","type":"page","link":"https:\/\/first-spectrum-view.com\/de\/rx-eagle-drone\/","title":{"rendered":"RX-Eagle Drohne"},"content":{"rendered":"<div style=\"height:30px\" aria-hidden=\"true\" class=\"wp-block-spacer\"><\/div>\n\n\n\n<h1 class=\"wp-block-heading\">RX-Eagle Drohne \u2013 Pr\u00e4zise HF-Messungen aus der Vogelperspektive<\/h1>\n\n\n<figure class=\"wp-block-post-featured-image\"><img fetchpriority=\"high\" decoding=\"async\" width=\"1920\" height=\"800\" src=\"https:\/\/first-spectrum-view.com\/wp-content\/uploads\/2026\/02\/RX-Eagle_Drone_Telecommunication-Signals-1.jpg\" class=\"attachment-post-thumbnail size-post-thumbnail wp-post-image\" alt=\"\" style=\"object-fit:cover;\" srcset=\"https:\/\/first-spectrum-view.com\/wp-content\/uploads\/2026\/02\/RX-Eagle_Drone_Telecommunication-Signals-1.jpg 1920w, https:\/\/first-spectrum-view.com\/wp-content\/uploads\/2026\/02\/RX-Eagle_Drone_Telecommunication-Signals-1-300x125.jpg 300w, https:\/\/first-spectrum-view.com\/wp-content\/uploads\/2026\/02\/RX-Eagle_Drone_Telecommunication-Signals-1-1024x427.jpg 1024w, https:\/\/first-spectrum-view.com\/wp-content\/uploads\/2026\/02\/RX-Eagle_Drone_Telecommunication-Signals-1-768x320.jpg 768w, https:\/\/first-spectrum-view.com\/wp-content\/uploads\/2026\/02\/RX-Eagle_Drone_Telecommunication-Signals-1-1536x640.jpg 1536w, https:\/\/first-spectrum-view.com\/wp-content\/uploads\/2026\/02\/RX-Eagle_Drone_Telecommunication-Signals-1-18x8.jpg 18w\" sizes=\"(max-width: 1920px) 100vw, 1920px\" \/><\/figure>\n\n\n<div style=\"height:30px\" aria-hidden=\"true\" class=\"wp-block-spacer\"><\/div>\n\n\n\n<p>Die RX-Eagle Drohne erm\u00f6glicht breitbandige und frequenzselektive Messungen des HF-Signalspektrums an vorgegebenen Punkten oder manuell angeflogenen Orten im Raum. Durch die patentierte Schirmung ist ein sicherer Betrieb auch an Orten mit erh\u00f6hten Feldst\u00e4rken bei minimalem Einfluss der Drohne auf die Messung m\u00f6glich.<\/p>\n\n\n\n<p>Dank des hohen Integrationsgrads des Gesamtsystems k\u00f6nnen Messungen durch eine einzelne Person effizient durchgef\u00fchrt werden. Dies wird u. A. durch die Software erm\u00f6glicht, die den kompletten Workflow von der Vorbereitung \u00fcber die Durchf\u00fchrung bis zur Auswertung der Messergebnisse abdeckt. Die Bodenstationssoftware erlaubt verschiedene Liveansichten, die Erstellung automatisierter Mess- und Flugroutinen sowie die Auswertung der erfassten Daten.<\/p>\n\n\n\n<p>Typische Einsatzgebiete der Drohne sind EMVU-Messungen, Antennenvermessung, Signalkartierung, Signalortung, HF-Lecksuche, Inspektion sowie Fehlersuche an Funkanlagen.<\/p>\n\n\n\n<div style=\"height:30px\" aria-hidden=\"true\" class=\"wp-block-spacer\"><\/div>\n\n\n\n<div class=\"wp-block-columns is-layout-flex wp-container-core-columns-is-layout-1 wp-block-columns-is-layout-flex\">\n<div class=\"wp-block-column is-layout-flow wp-block-column-is-layout-flow\">\n<h2 class=\"wp-block-heading\">Technische Daten<\/h2>\n\n\n\n<h3 class=\"wp-block-heading\">Ausstattungsvarianten:<\/h3>\n\n\n\n<ul>\n<li>Selektive Messung\/ Spektrumanalyse im Bereich 1 MHz - 6 GHz<\/li>\n\n\n\n<li>Breitbandmessung (Breitbandsonde) im Bereich DC - 90 GHz<\/li>\n<\/ul>\n\n\n\n<h3 class=\"wp-block-heading\">Spektrumanalyse:<\/h3>\n\n\n\n<ul>\n<li>Frequenzbereich: 1 MHz \u2013 6 GHz<\/li>\n\n\n\n<li>Echtzeitbandbreite: 20 MHz<\/li>\n\n\n\n<li>Max. Eingangspegel: +10 dBm<\/li>\n\n\n\n<li>DANL (RBW=1Hz): -145 dBm<\/li>\n\n\n\n<li>Pegelunsicherheit: +\/-3 dBm<\/li>\n\n\n\n<li>Aufl\u00f6sung: 8 Bit<\/li>\n<\/ul>\n\n\n\n<h3 class=\"wp-block-heading\">Breitbandmessung:<\/h3>\n\n\n\n<ul>\n<li>Isotrope Messung<\/li>\n\n\n\n<li>E- oder H-Feld<\/li>\n\n\n\n<li>Frequenzbereich DC - 90 GHz<\/li>\n<\/ul>\n\n\n\n<h3 class=\"wp-block-heading\">Antennen:<\/h3>\n\n\n\n<ul>\n<li>Richtantenne 0,7 - 6 GHz<\/li>\n\n\n\n<li>Omnidirektionale Antenne 0,6 - 8 GHz<\/li>\n<\/ul>\n\n\n\n<h3 class=\"wp-block-heading\">Drohne:<\/h3>\n\n\n\n<ul>\n<li>Elektromagnetisch geschirmt<\/li>\n\n\n\n<li>Abfluggewicht: &lt; 2 kg<\/li>\n\n\n\n<li>Flugzeit: &gt; 15 min<\/li>\n\n\n\n<li>Messpunkte: 60\/min<\/li>\n\n\n\n<li>Kommunikationsfrequenz: 2,4 GHz<\/li>\n<\/ul>\n\n\n\n<h3 class=\"wp-block-heading\">Lieferumfang:<\/h3>\n\n\n\n<ul>\n<li>Drohne<\/li>\n\n\n\n<li>Fernsteuerung<\/li>\n\n\n\n<li>Bodenstationsrechner<\/li>\n\n\n\n<li>Software<\/li>\n\n\n\n<li>Transportkoffer<\/li>\n\n\n\n<li>Zubeh\u00f6r<\/li>\n<\/ul>\n\n\n\n<h3 class=\"wp-block-heading\">Measurement Cockpit Software:<\/h3>\n\n\n\n<ul>\n<li>Konfiguration der Messung<\/li>\n\n\n\n<li>Konfiguration des Flugman\u00f6vers<\/li>\n\n\n\n<li>Kamera-, Spektrum-, Feldst\u00e4rke- und Kartenansicht<\/li>\n\n\n\n<li>Auswertung und Darstellung der Daten<\/li>\n<\/ul>\n\n\n\n<h2 class=\"wp-block-heading\">Typische Anwendungen<\/h2>\n\n\n\n<ul>\n<li>HF-Lecksuche<\/li>\n\n\n\n<li>St\u00f6rerjagd<\/li>\n\n\n\n<li>Antennencharakterisierung<\/li>\n\n\n\n<li>Inspektion von HF-Anlagen<\/li>\n\n\n\n<li>HF-Signalkartierung<\/li>\n\n\n\n<li>Funkaufkl\u00e4rung<\/li>\n<\/ul>\n\n\n\n<h2 class=\"wp-block-heading\">Kontakt<\/h2>\n\n\n\n<p>Haben Sie Fragen?<br>F\u00fcr weitere Informationen k\u00f6nnen Sie uns gerne kontaktieren.<br>Preise und Lieferzeiten auf Anfrage.<\/p>\n\n\n\n<ul><\/ul>\n\n\n\n<h2 class=\"wp-block-heading\">Weitere Informationen<\/h2>\n\n\n\n<ul><\/ul>\n\n\n\n<h3 class=\"wp-block-heading\">Links:<\/h3>\n\n\n\n<p><\/p>\n\n\n\n<p><a href=\"https:\/\/www.linkedin.com\/in\/fabian-tutsch\/\">LinkedIn<\/a><br><a href=\"https:\/\/www.youtube.com\/channel\/UCwh68FIPjRSbgeHkjPXi8sg\" target=\"_blank\" rel=\"noreferrer noopener\">Youtube<\/a><br><a href=\"https:\/\/www.xing.com\/profile\/Fabian_Tutsch\" target=\"_blank\" rel=\"noreferrer noopener\">XING<\/a><\/p>\n\n\n\n<h3 class=\"wp-block-heading\">Downloads:<\/h3>\n\n\n\n<p><a href=\"https:\/\/first-spectrum-view.com\/wp-content\/uploads\/2026\/02\/FSV_RXE_FactSheet_de_s.pdf\">Factsheet Deutsch<\/a><br><a href=\"https:\/\/first-spectrum-view.com\/wp-content\/uploads\/2026\/02\/FSV_RXE_FactSheet_en_s.pdf\">Factsheet English<\/a><\/p>\n\n\n\n<p><\/p>\n\n\n\n<ul><\/ul>\n<\/div>\n\n\n\n<div class=\"wp-block-column is-layout-flow wp-block-column-is-layout-flow\">\n<ul><\/ul>\n\n\n\n<h2 class=\"wp-block-heading\">Bilder<\/h2>\n\n\n\n<figure class=\"wp-block-image size-full is-resized\"><img decoding=\"async\" width=\"1920\" height=\"1280\" src=\"https:\/\/first-spectrum-view.com\/wp-content\/uploads\/2026\/02\/Drohne_Peilantenne_klein.jpg\" alt=\"\" class=\"wp-image-1894\" style=\"width:573px;height:auto\" srcset=\"https:\/\/first-spectrum-view.com\/wp-content\/uploads\/2026\/02\/Drohne_Peilantenne_klein.jpg 1920w, https:\/\/first-spectrum-view.com\/wp-content\/uploads\/2026\/02\/Drohne_Peilantenne_klein-300x200.jpg 300w, https:\/\/first-spectrum-view.com\/wp-content\/uploads\/2026\/02\/Drohne_Peilantenne_klein-1024x683.jpg 1024w, https:\/\/first-spectrum-view.com\/wp-content\/uploads\/2026\/02\/Drohne_Peilantenne_klein-768x512.jpg 768w, https:\/\/first-spectrum-view.com\/wp-content\/uploads\/2026\/02\/Drohne_Peilantenne_klein-1536x1024.jpg 1536w, https:\/\/first-spectrum-view.com\/wp-content\/uploads\/2026\/02\/Drohne_Peilantenne_klein-18x12.jpg 18w\" sizes=\"(max-width: 1920px) 100vw, 1920px\" \/><figcaption class=\"wp-element-caption\">Drohne mit Richtantenne<\/figcaption><\/figure>\n\n\n\n<figure class=\"wp-block-image size-full\"><img decoding=\"async\" width=\"1920\" height=\"1280\" src=\"https:\/\/first-spectrum-view.com\/wp-content\/uploads\/2026\/02\/Drohne_mit_Sonde_Koffer_klein.jpg\" alt=\"\" class=\"wp-image-1884\" srcset=\"https:\/\/first-spectrum-view.com\/wp-content\/uploads\/2026\/02\/Drohne_mit_Sonde_Koffer_klein.jpg 1920w, https:\/\/first-spectrum-view.com\/wp-content\/uploads\/2026\/02\/Drohne_mit_Sonde_Koffer_klein-300x200.jpg 300w, https:\/\/first-spectrum-view.com\/wp-content\/uploads\/2026\/02\/Drohne_mit_Sonde_Koffer_klein-1024x683.jpg 1024w, https:\/\/first-spectrum-view.com\/wp-content\/uploads\/2026\/02\/Drohne_mit_Sonde_Koffer_klein-768x512.jpg 768w, https:\/\/first-spectrum-view.com\/wp-content\/uploads\/2026\/02\/Drohne_mit_Sonde_Koffer_klein-1536x1024.jpg 1536w, https:\/\/first-spectrum-view.com\/wp-content\/uploads\/2026\/02\/Drohne_mit_Sonde_Koffer_klein-18x12.jpg 18w\" sizes=\"(max-width: 1920px) 100vw, 1920px\" \/><figcaption class=\"wp-element-caption\">Drohne mit Breitbandsonde und Koffer<\/figcaption><\/figure>\n\n\n\n<figure class=\"wp-block-image size-large\"><img loading=\"lazy\" decoding=\"async\" width=\"1024\" height=\"683\" src=\"https:\/\/first-spectrum-view.com\/wp-content\/uploads\/2026\/02\/Ground_Station_edit_small-1024x683.jpg\" alt=\"\" class=\"wp-image-1896\" srcset=\"https:\/\/first-spectrum-view.com\/wp-content\/uploads\/2026\/02\/Ground_Station_edit_small-1024x683.jpg 1024w, https:\/\/first-spectrum-view.com\/wp-content\/uploads\/2026\/02\/Ground_Station_edit_small-300x200.jpg 300w, https:\/\/first-spectrum-view.com\/wp-content\/uploads\/2026\/02\/Ground_Station_edit_small-768x512.jpg 768w, https:\/\/first-spectrum-view.com\/wp-content\/uploads\/2026\/02\/Ground_Station_edit_small-1536x1024.jpg 1536w, https:\/\/first-spectrum-view.com\/wp-content\/uploads\/2026\/02\/Ground_Station_edit_small-18x12.jpg 18w, https:\/\/first-spectrum-view.com\/wp-content\/uploads\/2026\/02\/Ground_Station_edit_small.jpg 1920w\" sizes=\"(max-width: 1024px) 100vw, 1024px\" \/><figcaption class=\"wp-element-caption\">Bodenstation und Fernsteuerung<\/figcaption><\/figure>\n\n\n\n<figure class=\"wp-block-image size-full\"><img loading=\"lazy\" decoding=\"async\" width=\"1920\" height=\"1280\" src=\"https:\/\/first-spectrum-view.com\/wp-content\/uploads\/2026\/02\/Kofferinhalt_seitlich_klein.jpg\" alt=\"\" class=\"wp-image-1885\" srcset=\"https:\/\/first-spectrum-view.com\/wp-content\/uploads\/2026\/02\/Kofferinhalt_seitlich_klein.jpg 1920w, https:\/\/first-spectrum-view.com\/wp-content\/uploads\/2026\/02\/Kofferinhalt_seitlich_klein-300x200.jpg 300w, https:\/\/first-spectrum-view.com\/wp-content\/uploads\/2026\/02\/Kofferinhalt_seitlich_klein-1024x683.jpg 1024w, https:\/\/first-spectrum-view.com\/wp-content\/uploads\/2026\/02\/Kofferinhalt_seitlich_klein-768x512.jpg 768w, https:\/\/first-spectrum-view.com\/wp-content\/uploads\/2026\/02\/Kofferinhalt_seitlich_klein-1536x1024.jpg 1536w, https:\/\/first-spectrum-view.com\/wp-content\/uploads\/2026\/02\/Kofferinhalt_seitlich_klein-18x12.jpg 18w\" sizes=\"(max-width: 1920px) 100vw, 1920px\" \/><figcaption class=\"wp-element-caption\">Transportkoffer<\/figcaption><\/figure>\n\n\n\n<figure class=\"wp-block-image size-full\"><img loading=\"lazy\" decoding=\"async\" width=\"1920\" height=\"1280\" src=\"https:\/\/first-spectrum-view.com\/wp-content\/uploads\/2026\/02\/Kofferinhalt_klein.jpg\" alt=\"\" class=\"wp-image-1886\" srcset=\"https:\/\/first-spectrum-view.com\/wp-content\/uploads\/2026\/02\/Kofferinhalt_klein.jpg 1920w, https:\/\/first-spectrum-view.com\/wp-content\/uploads\/2026\/02\/Kofferinhalt_klein-300x200.jpg 300w, https:\/\/first-spectrum-view.com\/wp-content\/uploads\/2026\/02\/Kofferinhalt_klein-1024x683.jpg 1024w, https:\/\/first-spectrum-view.com\/wp-content\/uploads\/2026\/02\/Kofferinhalt_klein-768x512.jpg 768w, https:\/\/first-spectrum-view.com\/wp-content\/uploads\/2026\/02\/Kofferinhalt_klein-1536x1024.jpg 1536w, https:\/\/first-spectrum-view.com\/wp-content\/uploads\/2026\/02\/Kofferinhalt_klein-18x12.jpg 18w\" sizes=\"(max-width: 1920px) 100vw, 1920px\" \/><figcaption class=\"wp-element-caption\">Transportkoffer<\/figcaption><\/figure>\n\n\n\n<figure class=\"wp-block-image size-large\"><img loading=\"lazy\" decoding=\"async\" width=\"1024\" height=\"683\" src=\"https:\/\/first-spectrum-view.com\/wp-content\/uploads\/2026\/02\/Sonden_Antennen_klein-1024x683.jpg\" alt=\"\" class=\"wp-image-1887\" srcset=\"https:\/\/first-spectrum-view.com\/wp-content\/uploads\/2026\/02\/Sonden_Antennen_klein-1024x683.jpg 1024w, https:\/\/first-spectrum-view.com\/wp-content\/uploads\/2026\/02\/Sonden_Antennen_klein-300x200.jpg 300w, https:\/\/first-spectrum-view.com\/wp-content\/uploads\/2026\/02\/Sonden_Antennen_klein-768x512.jpg 768w, https:\/\/first-spectrum-view.com\/wp-content\/uploads\/2026\/02\/Sonden_Antennen_klein-1536x1024.jpg 1536w, https:\/\/first-spectrum-view.com\/wp-content\/uploads\/2026\/02\/Sonden_Antennen_klein-18x12.jpg 18w, https:\/\/first-spectrum-view.com\/wp-content\/uploads\/2026\/02\/Sonden_Antennen_klein.jpg 1920w\" sizes=\"(max-width: 1024px) 100vw, 1024px\" \/><figcaption class=\"wp-element-caption\">Antennen und Sonden<\/figcaption><\/figure>\n\n\n\n<figure class=\"wp-block-image size-large\"><img loading=\"lazy\" decoding=\"async\" width=\"1024\" height=\"571\" src=\"https:\/\/first-spectrum-view.com\/wp-content\/uploads\/2026\/02\/software-1024x571.jpg\" alt=\"\" class=\"wp-image-1888\" srcset=\"https:\/\/first-spectrum-view.com\/wp-content\/uploads\/2026\/02\/software-1024x571.jpg 1024w, https:\/\/first-spectrum-view.com\/wp-content\/uploads\/2026\/02\/software-300x167.jpg 300w, https:\/\/first-spectrum-view.com\/wp-content\/uploads\/2026\/02\/software-768x428.jpg 768w, https:\/\/first-spectrum-view.com\/wp-content\/uploads\/2026\/02\/software-1536x856.jpg 1536w, https:\/\/first-spectrum-view.com\/wp-content\/uploads\/2026\/02\/software-18x10.jpg 18w, https:\/\/first-spectrum-view.com\/wp-content\/uploads\/2026\/02\/software.jpg 1920w\" sizes=\"(max-width: 1024px) 100vw, 1024px\" \/><figcaption class=\"wp-element-caption\">Bodenstationssoftware<\/figcaption><\/figure>\n\n\n\n<figure class=\"wp-block-image size-large is-resized\"><img loading=\"lazy\" decoding=\"async\" width=\"1024\" height=\"571\" src=\"https:\/\/first-spectrum-view.com\/wp-content\/uploads\/2026\/02\/Antenna_Characterization-1024x571.jpg\" alt=\"\" class=\"wp-image-1889\" style=\"width:573px;height:auto\" srcset=\"https:\/\/first-spectrum-view.com\/wp-content\/uploads\/2026\/02\/Antenna_Characterization-1024x571.jpg 1024w, https:\/\/first-spectrum-view.com\/wp-content\/uploads\/2026\/02\/Antenna_Characterization-300x167.jpg 300w, https:\/\/first-spectrum-view.com\/wp-content\/uploads\/2026\/02\/Antenna_Characterization-768x428.jpg 768w, https:\/\/first-spectrum-view.com\/wp-content\/uploads\/2026\/02\/Antenna_Characterization-1536x856.jpg 1536w, https:\/\/first-spectrum-view.com\/wp-content\/uploads\/2026\/02\/Antenna_Characterization-18x10.jpg 18w, https:\/\/first-spectrum-view.com\/wp-content\/uploads\/2026\/02\/Antenna_Characterization.jpg 1920w\" sizes=\"(max-width: 1024px) 100vw, 1024px\" \/><figcaption class=\"wp-element-caption\">Antennencharakterisierung<\/figcaption><\/figure>\n\n\n\n<figure class=\"wp-block-image size-large\"><img loading=\"lazy\" decoding=\"async\" width=\"1024\" height=\"571\" src=\"https:\/\/first-spectrum-view.com\/wp-content\/uploads\/2026\/02\/EMC_EMI_Measurements-1024x571.jpg\" alt=\"\" class=\"wp-image-1890\" srcset=\"https:\/\/first-spectrum-view.com\/wp-content\/uploads\/2026\/02\/EMC_EMI_Measurements-1024x571.jpg 1024w, https:\/\/first-spectrum-view.com\/wp-content\/uploads\/2026\/02\/EMC_EMI_Measurements-300x167.jpg 300w, https:\/\/first-spectrum-view.com\/wp-content\/uploads\/2026\/02\/EMC_EMI_Measurements-768x428.jpg 768w, https:\/\/first-spectrum-view.com\/wp-content\/uploads\/2026\/02\/EMC_EMI_Measurements-1536x856.jpg 1536w, https:\/\/first-spectrum-view.com\/wp-content\/uploads\/2026\/02\/EMC_EMI_Measurements-18x10.jpg 18w, https:\/\/first-spectrum-view.com\/wp-content\/uploads\/2026\/02\/EMC_EMI_Measurements.jpg 1920w\" sizes=\"(max-width: 1024px) 100vw, 1024px\" \/><figcaption class=\"wp-element-caption\">EMVU Messungen<\/figcaption><\/figure>\n\n\n\n<figure class=\"wp-block-image size-large\"><img loading=\"lazy\" decoding=\"async\" width=\"1024\" height=\"571\" src=\"https:\/\/first-spectrum-view.com\/wp-content\/uploads\/2026\/02\/signal_mapping-1024x571.jpg\" alt=\"\" class=\"wp-image-1891\" srcset=\"https:\/\/first-spectrum-view.com\/wp-content\/uploads\/2026\/02\/signal_mapping-1024x571.jpg 1024w, https:\/\/first-spectrum-view.com\/wp-content\/uploads\/2026\/02\/signal_mapping-300x167.jpg 300w, https:\/\/first-spectrum-view.com\/wp-content\/uploads\/2026\/02\/signal_mapping-768x428.jpg 768w, https:\/\/first-spectrum-view.com\/wp-content\/uploads\/2026\/02\/signal_mapping-1536x856.jpg 1536w, https:\/\/first-spectrum-view.com\/wp-content\/uploads\/2026\/02\/signal_mapping-18x10.jpg 18w, https:\/\/first-spectrum-view.com\/wp-content\/uploads\/2026\/02\/signal_mapping.jpg 1920w\" sizes=\"(max-width: 1024px) 100vw, 1024px\" \/><figcaption class=\"wp-element-caption\">Signalkartierung<\/figcaption><\/figure>\n\n\n\n<figure class=\"wp-block-image size-large\"><img loading=\"lazy\" decoding=\"async\" width=\"1024\" height=\"571\" src=\"https:\/\/first-spectrum-view.com\/wp-content\/uploads\/2026\/02\/Interference_Hunting-1024x571.jpg\" alt=\"\" class=\"wp-image-1892\" srcset=\"https:\/\/first-spectrum-view.com\/wp-content\/uploads\/2026\/02\/Interference_Hunting-1024x571.jpg 1024w, https:\/\/first-spectrum-view.com\/wp-content\/uploads\/2026\/02\/Interference_Hunting-300x167.jpg 300w, https:\/\/first-spectrum-view.com\/wp-content\/uploads\/2026\/02\/Interference_Hunting-768x428.jpg 768w, https:\/\/first-spectrum-view.com\/wp-content\/uploads\/2026\/02\/Interference_Hunting-1536x856.jpg 1536w, https:\/\/first-spectrum-view.com\/wp-content\/uploads\/2026\/02\/Interference_Hunting-18x10.jpg 18w, https:\/\/first-spectrum-view.com\/wp-content\/uploads\/2026\/02\/Interference_Hunting.jpg 1920w\" sizes=\"(max-width: 1024px) 100vw, 1024px\" \/><figcaption class=\"wp-element-caption\">St\u00f6rerjagd und Signalortung<\/figcaption><\/figure>\n<\/div>\n<\/div>\n\n\n\n<p><\/p>","protected":false},"excerpt":{"rendered":"<p>RX-Eagle Drone \u2013 RF Measurements from a Bird&#8217;s Eye View The RX-Eagle drone enables broadband and frequency selective measurement of the RF signal spectrum at predefined points or during manual flight. Thanks to the patented shielding, safe operation is possible at locations with increased field strengths with minimal influence of the drone on the measurement. [&hellip;]<\/p>\n","protected":false},"author":1,"featured_media":1878,"parent":0,"menu_order":11,"comment_status":"closed","ping_status":"closed","template":"templates\/page-builder-template.php","meta":{"footnotes":""},"_links":{"self":[{"href":"https:\/\/first-spectrum-view.com\/de\/wp-json\/wp\/v2\/pages\/1581"}],"collection":[{"href":"https:\/\/first-spectrum-view.com\/de\/wp-json\/wp\/v2\/pages"}],"about":[{"href":"https:\/\/first-spectrum-view.com\/de\/wp-json\/wp\/v2\/types\/page"}],"author":[{"embeddable":true,"href":"https:\/\/first-spectrum-view.com\/de\/wp-json\/wp\/v2\/users\/1"}],"replies":[{"embeddable":true,"href":"https:\/\/first-spectrum-view.com\/de\/wp-json\/wp\/v2\/comments?post=1581"}],"version-history":[{"count":46,"href":"https:\/\/first-spectrum-view.com\/de\/wp-json\/wp\/v2\/pages\/1581\/revisions"}],"predecessor-version":[{"id":1911,"href":"https:\/\/first-spectrum-view.com\/de\/wp-json\/wp\/v2\/pages\/1581\/revisions\/1911"}],"wp:featuredmedia":[{"embeddable":true,"href":"https:\/\/first-spectrum-view.com\/de\/wp-json\/wp\/v2\/media\/1878"}],"wp:attachment":[{"href":"https:\/\/first-spectrum-view.com\/de\/wp-json\/wp\/v2\/media?parent=1581"}],"curies":[{"name":"wp","href":"https:\/\/api.w.org\/{rel}","templated":true}]}}