{"id":1573,"date":"2022-07-06T17:02:58","date_gmt":"2022-07-06T16:02:58","guid":{"rendered":"https:\/\/first-spectrum-view.com\/?page_id=1573"},"modified":"2022-12-11T14:35:06","modified_gmt":"2022-12-11T13:35:06","slug":"design-in-support","status":"publish","type":"page","link":"https:\/\/first-spectrum-view.com\/de\/design-in-support\/","title":{"rendered":"Design in Support"},"content":{"rendered":"<div style=\"height:30px\" aria-hidden=\"true\" class=\"wp-block-spacer\"><\/div>\n\n\n\n<h1 class=\"wp-block-heading\">Design in Support<\/h1>\n\n\n\n<p>Wir bieten Ihnen eine nahtlose Integration Ihrer individuellen Sensoren in unser System, damit Sie mit der Unterst\u00fctzung unserer flexiblen UAV-Plattform und unserer umfassenden Messorganisations- und Steuerungssoftware Ihre gew\u00fcnschten Daten erfassen k\u00f6nnen. <\/p>\n\n\n\n<div style=\"height:19px\" aria-hidden=\"true\" class=\"wp-block-spacer\"><\/div>\n\n\n\n<h2 class=\"wp-block-heading\">Mechanische Integration<\/h2>\n\n\n\n<div class=\"wp-block-columns is-layout-flex wp-container-core-columns-is-layout-1 wp-block-columns-is-layout-flex\">\n<div class=\"wp-block-column is-layout-flow wp-block-column-is-layout-flow\">\n<figure class=\"wp-block-image size-full\"><img fetchpriority=\"high\" decoding=\"async\" width=\"800\" height=\"600\" src=\"https:\/\/first-spectrum-view.com\/wp-content\/uploads\/2022\/05\/CAD-Construction.jpg\" alt=\"\" class=\"wp-image-1370\" srcset=\"https:\/\/first-spectrum-view.com\/wp-content\/uploads\/2022\/05\/CAD-Construction.jpg 800w, https:\/\/first-spectrum-view.com\/wp-content\/uploads\/2022\/05\/CAD-Construction-300x225.jpg 300w, https:\/\/first-spectrum-view.com\/wp-content\/uploads\/2022\/05\/CAD-Construction-768x576.jpg 768w\" sizes=\"(max-width: 800px) 100vw, 800px\" \/><\/figure>\n<\/div>\n\n\n\n<div class=\"wp-block-column is-vertically-aligned-top is-layout-flow wp-block-column-is-layout-flow\">\n<p>Mechanische Integration, mechanische Konstruktion, Prototyping und Fertigung Ihrer spezifischen Sensoren.<\/p>\n\n\n\n<p>Wir k\u00f6nnen Sensoren mit bis zu 500 g Zusatzgewicht integrieren.<\/p>\n<\/div>\n<\/div>\n\n\n\n<h2 class=\"wp-block-heading\">Elektrische Integration<\/h2>\n\n\n\n<div class=\"wp-block-columns is-layout-flex wp-container-core-columns-is-layout-2 wp-block-columns-is-layout-flex\">\n<div class=\"wp-block-column is-layout-flow wp-block-column-is-layout-flow\">\n<figure class=\"wp-block-image size-full\"><img decoding=\"async\" width=\"800\" height=\"600\" src=\"https:\/\/first-spectrum-view.com\/wp-content\/uploads\/2022\/05\/final-PCBA.jpg\" alt=\"\" class=\"wp-image-1373\" srcset=\"https:\/\/first-spectrum-view.com\/wp-content\/uploads\/2022\/05\/final-PCBA.jpg 800w, https:\/\/first-spectrum-view.com\/wp-content\/uploads\/2022\/05\/final-PCBA-300x225.jpg 300w, https:\/\/first-spectrum-view.com\/wp-content\/uploads\/2022\/05\/final-PCBA-768x576.jpg 768w\" sizes=\"(max-width: 800px) 100vw, 800px\" \/><\/figure>\n<\/div>\n\n\n\n<div class=\"wp-block-column is-layout-flow wp-block-column-is-layout-flow\">\n<p>Elektronische Entwicklung, Systemdesign, Simulation, mechanische Integration, Layout, Prototyping und Herstellung Ihrer spezifischen Sensoren.<\/p>\n\n\n\n<p>Wir verf\u00fcgen \u00fcber Erfahrung in der Entwicklung komplexer Stromversorgungen, analoger und digitaler Schaltungen, HF-Schaltungen, thermischer und EMV-konformer Designs sowie in der Integration von Hochgeschwindigkeitsbussen. <\/p>\n\n\n\n<p>Es gibt eine Vielzahl an M\u00f6glichkeiten, Ihre gew\u00fcnschten Sensoren in unsere UAV-Plattform zu integrieren. Wir k\u00f6nnen Standards wie UART, SPI, I2C, USB und andere anbieten. Die elektrische Versorgung kann \u00fcber die Stromversorgung der Drohne erfolgen. <\/p>\n\n\n\n<p>Fragen Sie uns, ob Ihr Sensor integriert werden kann oder ob wir die gew\u00fcnschte Sensorl\u00f6sung anbieten k\u00f6nnen.<\/p>\n<\/div>\n<\/div>\n\n\n\n<h2 class=\"wp-block-heading\">Software Integration<\/h2>\n\n\n\n<div class=\"wp-block-columns is-layout-flex wp-container-core-columns-is-layout-3 wp-block-columns-is-layout-flex\">\n<div class=\"wp-block-column is-layout-flow wp-block-column-is-layout-flow\">\n<figure class=\"wp-block-image size-full\"><img decoding=\"async\" width=\"800\" height=\"599\" src=\"https:\/\/first-spectrum-view.com\/wp-content\/uploads\/2022\/09\/Software-Integration.png\" alt=\"\" class=\"wp-image-1678\" srcset=\"https:\/\/first-spectrum-view.com\/wp-content\/uploads\/2022\/09\/Software-Integration.png 800w, https:\/\/first-spectrum-view.com\/wp-content\/uploads\/2022\/09\/Software-Integration-300x225.png 300w, https:\/\/first-spectrum-view.com\/wp-content\/uploads\/2022\/09\/Software-Integration-768x575.png 768w, https:\/\/first-spectrum-view.com\/wp-content\/uploads\/2022\/09\/Software-Integration-16x12.png 16w\" sizes=\"(max-width: 800px) 100vw, 800px\" \/><\/figure>\n<\/div>\n\n\n\n<div class=\"wp-block-column is-layout-flow wp-block-column-is-layout-flow\">\n<p>Nahtlose Integration Ihres spezifischen Sensors in unser Software-\u00d6kosystem. Sie profitieren von allen Funktionen der Software, wie Streaming, Live-Datenanzeige, Datenfusion mit den anderen Sensoren an Bord, Speicherung usw.<\/p>\n\n\n\n<p>Eine ma\u00dfgeschneiderte Datenverarbeitung und Darstellung kann aufgrund Ihrer pers\u00f6nlichen Anforderungen angeboten werden.<\/p>\n\n\n\n<p>Sie wollen Ihre Daten analyiseren und dazu eigene Datenverarbeitungsalgorithmen implementieren?<br>Kein Problem! Da wir eine offene, auf Python basierende Softwarestruktur zur Verf\u00fcgung stellen, k\u00f6nnen Sie Ihre gew\u00fcnschten Algorithmen hinzuf\u00fcgen und die Daten verarbeiten und speichern, wie Sie es m\u00f6chten.<\/p>\n<\/div>\n<\/div>","protected":false},"excerpt":{"rendered":"<p>Design in Support We offer seamless integration of your individual sensors in our system. This enables you to acquire your desired data with the support of our flexible UAV platform and our comprehensive measurement organization and control software. Mechanical Integration Mechanical integration, mechanical construction, prototyping and manufacturing of your specific sensors. We can integrate devices [&hellip;]<\/p>\n","protected":false},"author":1,"featured_media":0,"parent":0,"menu_order":21,"comment_status":"closed","ping_status":"closed","template":"templates\/page-builder-template.php","meta":{"footnotes":""},"_links":{"self":[{"href":"https:\/\/first-spectrum-view.com\/de\/wp-json\/wp\/v2\/pages\/1573"}],"collection":[{"href":"https:\/\/first-spectrum-view.com\/de\/wp-json\/wp\/v2\/pages"}],"about":[{"href":"https:\/\/first-spectrum-view.com\/de\/wp-json\/wp\/v2\/types\/page"}],"author":[{"embeddable":true,"href":"https:\/\/first-spectrum-view.com\/de\/wp-json\/wp\/v2\/users\/1"}],"replies":[{"embeddable":true,"href":"https:\/\/first-spectrum-view.com\/de\/wp-json\/wp\/v2\/comments?post=1573"}],"version-history":[{"count":12,"href":"https:\/\/first-spectrum-view.com\/de\/wp-json\/wp\/v2\/pages\/1573\/revisions"}],"predecessor-version":[{"id":1746,"href":"https:\/\/first-spectrum-view.com\/de\/wp-json\/wp\/v2\/pages\/1573\/revisions\/1746"}],"wp:attachment":[{"href":"https:\/\/first-spectrum-view.com\/de\/wp-json\/wp\/v2\/media?parent=1573"}],"curies":[{"name":"wp","href":"https:\/\/api.w.org\/{rel}","templated":true}]}}