{"id":1312,"date":"2022-05-16T20:35:58","date_gmt":"2022-05-16T19:35:58","guid":{"rendered":"http:\/\/192.168.1.103\/WordPress\/?page_id=1312"},"modified":"2026-02-02T12:41:58","modified_gmt":"2026-02-02T11:41:58","slug":"imprint","status":"publish","type":"page","link":"https:\/\/first-spectrum-view.com\/de\/imprint\/","title":{"rendered":"Impressum"},"content":{"rendered":"<p style=\"line-height:1.5\"><strong>Inhaltlich Verantwortlicher:<\/strong><br>First Spectrum View UG<br>Kuenstr. 1d<br>50733 K\u00f6ln<\/p>\n\n\n\n<p style=\"line-height:1.5\">Amtsgericht K\u00f6ln | HRB 118110<br>USt-IdNr.: DE367743447<\/p>\n\n\n\n<p style=\"line-height:1.5\">Gesch\u00e4ftsf\u00fchrer: Fabian Tutsch<br>Tel.: +49 157 53690728<br>E-Mail: fabian@first-spectrum-view.com<\/p>\n\n\n\n<p><\/p>\n\n\n\n<p><\/p>\n\n\n\n<p><\/p>\n\n\n\n<p><\/p>\n\n\n\n<p><\/p>\n\n\n\n<p><\/p>\n\n\n\n<p><\/p>\n\n\n\n<p><\/p>","protected":false},"excerpt":{"rendered":"<p>Responsible for this Website:First Spectrum View UGKuenstr. 1d50733 K\u00f6ln Amtsgericht K\u00f6ln | HRB 118110USt-IdNr.: DE367743447 Gesch\u00e4ftsf\u00fchrer: Fabian TutschTel.: +49 157 53690728E-Mail: fabian@first-spectrum-view.com<\/p>","protected":false},"author":1,"featured_media":0,"parent":0,"menu_order":60,"comment_status":"closed","ping_status":"closed","template":"","meta":{"footnotes":""},"_links":{"self":[{"href":"https:\/\/first-spectrum-view.com\/de\/wp-json\/wp\/v2\/pages\/1312"}],"collection":[{"href":"https:\/\/first-spectrum-view.com\/de\/wp-json\/wp\/v2\/pages"}],"about":[{"href":"https:\/\/first-spectrum-view.com\/de\/wp-json\/wp\/v2\/types\/page"}],"author":[{"embeddable":true,"href":"https:\/\/first-spectrum-view.com\/de\/wp-json\/wp\/v2\/users\/1"}],"replies":[{"embeddable":true,"href":"https:\/\/first-spectrum-view.com\/de\/wp-json\/wp\/v2\/comments?post=1312"}],"version-history":[{"count":6,"href":"https:\/\/first-spectrum-view.com\/de\/wp-json\/wp\/v2\/pages\/1312\/revisions"}],"predecessor-version":[{"id":1877,"href":"https:\/\/first-spectrum-view.com\/de\/wp-json\/wp\/v2\/pages\/1312\/revisions\/1877"}],"wp:attachment":[{"href":"https:\/\/first-spectrum-view.com\/de\/wp-json\/wp\/v2\/media?parent=1312"}],"curies":[{"name":"wp","href":"https:\/\/api.w.org\/{rel}","templated":true}]}}