{"id":1058,"date":"2021-03-03T10:59:17","date_gmt":"2021-03-03T10:59:17","guid":{"rendered":"https:\/\/demo.hashthemes.com\/total\/el-agency\/?page_id=1058"},"modified":"2022-12-11T14:34:56","modified_gmt":"2022-12-11T13:34:56","slug":"services","status":"publish","type":"page","link":"https:\/\/first-spectrum-view.com\/de\/services\/","title":{"rendered":"Serviceangebote"},"content":{"rendered":"<div style=\"height:30px\" aria-hidden=\"true\" class=\"wp-block-spacer\"><\/div>\n\n\n\n<div class=\"wp-block-columns is-layout-flex wp-container-core-columns-is-layout-1 wp-block-columns-is-layout-flex\">\n<div class=\"wp-block-column is-layout-flow wp-block-column-is-layout-flow\">\n<h3 class=\"has-text-align-center wp-block-heading\"><a href=\"https:\/\/first-spectrum-view.com\/de\/?page_id=1573\">Design in Support<\/a><\/h3>\n\n\n\n<p class=\"has-text-align-center\">Wir bieten Ihnen eine nahtlose Integration Ihrer individuellen Sensoren in unser System, damit Sie mit der Unterst\u00fctzung unserer flexiblen UAV-Plattform und unserer umfassenden Messorganisations- und Steuerungssoftware Ihre gew\u00fcnschten Daten erfassen k\u00f6nnen.<\/p>\n<\/div>\n\n\n\n<div class=\"wp-block-column is-layout-flow wp-block-column-is-layout-flow\">\n<h3 class=\"has-text-align-center wp-block-heading\"><a href=\"https:\/\/first-spectrum-view.com\/de\/?page_id=1575\">Praktisches Training<\/a><\/h3>\n\n\n\n<p class=\"has-text-align-center\">Wir bieten Ihnen eine St\u00f6rungssuche-, eine Antennencharakterisierung- und eine allgemeine Datenerfassungsschulung an. Sie werden lernen, wie Sie unser System effektiv nutzen k\u00f6nnen. Wenn Sie an einem bestimmten Thema interessiert sind, k\u00f6nnen Sie uns gerne kontaktieren.<\/p>\n<\/div>\n\n\n\n<div class=\"wp-block-column is-layout-flow wp-block-column-is-layout-flow\">\n<h3 class=\"has-text-align-center wp-block-heading\"><a href=\"https:\/\/first-spectrum-view.com\/de\/?page_id=1577\">Messservice<\/a><\/h3>\n\n\n\n<p class=\"has-text-align-center\">Wir bieten St\u00f6rungssuche und Antennenmessungen an. <br>Wenn Sie ein Problem mit Hindernissen haben oder wenn die Position der Anlage es Ihnen unm\u00f6glich macht, die gew\u00fcnschten Daten zu erfassen, fragen Sie uns einfach. Wir werden pr\u00fcfen, was wir f\u00fcr Sie tun k\u00f6nnen.<\/p>\n<\/div>\n<\/div>\n\n\n\n<div style=\"height:30px\" aria-hidden=\"true\" class=\"wp-block-spacer\"><\/div>\n\n\n\n<div class=\"wp-block-columns is-layout-flex wp-container-core-columns-is-layout-2 wp-block-columns-is-layout-flex\">\n<div class=\"wp-block-column is-layout-flow wp-block-column-is-layout-flow\"><\/div>\n\n\n\n<div class=\"wp-block-column is-layout-flow wp-block-column-is-layout-flow\">\n<h3 class=\"has-text-align-center wp-block-heading\"><a href=\"https:\/\/first-spectrum-view.com\/de\/?page_id=1579\">Wartung &amp; Reparatur<\/a><\/h3>\n\n\n\n<p class=\"has-text-align-center\">Ob Sie ein Check-up, eine Reparatur oder ein Upgrade der Software Ihrer Drohne ben\u00f6tigen, kontaktieren Sie uns einfach. F\u00fcr schnelle Wartungszeiten haben wir immer Ersatzteile auf Lager.<\/p>\n<\/div>\n\n\n\n<div class=\"wp-block-column is-layout-flow wp-block-column-is-layout-flow\"><\/div>\n<\/div>\n\n\n\n<div style=\"height:50px\" aria-hidden=\"true\" class=\"wp-block-spacer\"><\/div>\n\n\n\n<div class=\"wp-block-columns is-layout-flex wp-container-core-columns-is-layout-3 wp-block-columns-is-layout-flex\">\n<div class=\"wp-block-column is-vertically-aligned-center is-layout-flow wp-block-column-is-layout-flow\">\n<div style=\"height:30px\" aria-hidden=\"true\" class=\"wp-block-spacer\"><\/div>\n\n\n\n<div class=\"wp-block-buttons is-layout-flex wp-block-buttons-is-layout-flex\"><\/div>\n<\/div>\n\n\n\n<div class=\"wp-block-column is-layout-flow wp-block-column-is-layout-flow\"><\/div>\n<\/div>\n\n\n\n<div style=\"height:50px\" aria-hidden=\"true\" class=\"wp-block-spacer\"><\/div>\n\n\n\n<div class=\"wp-block-columns is-layout-flex wp-container-core-columns-is-layout-4 wp-block-columns-is-layout-flex\">\n<div class=\"wp-block-column is-layout-flow wp-block-column-is-layout-flow\" style=\"flex-basis:10%\"><\/div>\n\n\n\n<div class=\"wp-block-column is-layout-flow wp-block-column-is-layout-flow\" style=\"flex-basis:80%\"><\/div>\n\n\n\n<div class=\"wp-block-column is-layout-flow wp-block-column-is-layout-flow\" style=\"flex-basis:10%\"><\/div>\n<\/div>\n\n\n\n<div class=\"wp-block-columns is-layout-flex wp-container-core-columns-is-layout-5 wp-block-columns-is-layout-flex\">\n<div class=\"wp-block-column is-layout-flow wp-block-column-is-layout-flow\"><\/div>\n\n\n\n<div class=\"wp-block-column is-layout-flow wp-block-column-is-layout-flow\"><\/div>\n\n\n\n<div class=\"wp-block-column is-layout-flow wp-block-column-is-layout-flow\"><\/div>\n<\/div>\n\n\n\n<p><\/p>","protected":false},"excerpt":{"rendered":"<p>Design in Support We offer seamless integration of your individual sensors in our system. This enables you to acquire your desired data with the support of our flexible UAV platform and our comprehensive measurement organization and control software. Hands On Training You can choose between different training options: interference hunting, antenna characterization and general data [&hellip;]<\/p>\n","protected":false},"author":1,"featured_media":0,"parent":0,"menu_order":20,"comment_status":"closed","ping_status":"closed","template":"","meta":{"footnotes":""},"_links":{"self":[{"href":"https:\/\/first-spectrum-view.com\/de\/wp-json\/wp\/v2\/pages\/1058"}],"collection":[{"href":"https:\/\/first-spectrum-view.com\/de\/wp-json\/wp\/v2\/pages"}],"about":[{"href":"https:\/\/first-spectrum-view.com\/de\/wp-json\/wp\/v2\/types\/page"}],"author":[{"embeddable":true,"href":"https:\/\/first-spectrum-view.com\/de\/wp-json\/wp\/v2\/users\/1"}],"replies":[{"embeddable":true,"href":"https:\/\/first-spectrum-view.com\/de\/wp-json\/wp\/v2\/comments?post=1058"}],"version-history":[{"count":14,"href":"https:\/\/first-spectrum-view.com\/de\/wp-json\/wp\/v2\/pages\/1058\/revisions"}],"predecessor-version":[{"id":1739,"href":"https:\/\/first-spectrum-view.com\/de\/wp-json\/wp\/v2\/pages\/1058\/revisions\/1739"}],"wp:attachment":[{"href":"https:\/\/first-spectrum-view.com\/de\/wp-json\/wp\/v2\/media?parent=1058"}],"curies":[{"name":"wp","href":"https:\/\/api.w.org\/{rel}","templated":true}]}}