{"id":101,"date":"2016-07-21T20:15:32","date_gmt":"2016-07-21T20:15:32","guid":{"rendered":"http:\/\/demo.hashthemes.com\/total\/?page_id=101"},"modified":"2026-02-02T12:41:41","modified_gmt":"2026-02-02T11:41:41","slug":"contact","status":"publish","type":"page","link":"https:\/\/first-spectrum-view.com\/de\/contact\/","title":{"rendered":"Kontakt"},"content":{"rendered":"<div class=\"wp-block-columns is-layout-flex wp-container-core-columns-is-layout-1 wp-block-columns-is-layout-flex\">\n<div class=\"wp-block-column is-layout-flow wp-block-column-is-layout-flow\">\n<h2 class=\"wp-block-heading\">Kontaktieren Sie uns<\/h2>\n\n\n\n<p style=\"line-height:1.5\">Wenn Sie Fragen oder Interesse an einer Zusammenarbeit haben, freuen wir uns \u00fcber Ihre Nachricht.<\/p>\n\n\n\n<p style=\"line-height:1.5\">Wir freuen uns, Sie als Kunden begr\u00fc\u00dfen zu d\u00fcrfen!<\/p>\n\n\n\n<h4 class=\"wp-block-heading\">Adresse:<\/h4>\n\n\n\n<p style=\"line-height:1.5\">First Spectrum View UG<br>Fabian Tutsch<br>Kuenstr. 1d<br>50733 K\u00f6ln<\/p>\n\n\n\n<h4 class=\"wp-block-heading\">Telefon:<\/h4>\n\n\n\n<p style=\"line-height:1.5\">+49 157 53690728<\/p>\n\n\n\n<h4 class=\"wp-block-heading\">E-Mail:<\/h4>\n\n\n\n<p style=\"line-height:1.5\">fabian@first-spectrum-view.com<\/p>\n<\/div>\n\n\n\n<div class=\"wp-block-column is-layout-flow wp-block-column-is-layout-flow\"><\/div>\n<\/div>\n\n\n\n<div style=\"height:20px\" aria-hidden=\"true\" class=\"wp-block-spacer\"><\/div>\n\n\n\n<p><\/p>","protected":false},"excerpt":{"rendered":"<p>Get in Touch Feel free to contact us if you have questions or an interest in a collaboration. We are pleased to welcome you as a customer! Address: First Spectrum View UGFabian TutschKuenstr. 1d50733 K\u00f6ln Phone: +49 157 53690728 Email: fabian@first-spectrum-view.com<\/p>","protected":false},"author":1,"featured_media":0,"parent":0,"menu_order":55,"comment_status":"closed","ping_status":"closed","template":"","meta":{"footnotes":""},"_links":{"self":[{"href":"https:\/\/first-spectrum-view.com\/de\/wp-json\/wp\/v2\/pages\/101"}],"collection":[{"href":"https:\/\/first-spectrum-view.com\/de\/wp-json\/wp\/v2\/pages"}],"about":[{"href":"https:\/\/first-spectrum-view.com\/de\/wp-json\/wp\/v2\/types\/page"}],"author":[{"embeddable":true,"href":"https:\/\/first-spectrum-view.com\/de\/wp-json\/wp\/v2\/users\/1"}],"replies":[{"embeddable":true,"href":"https:\/\/first-spectrum-view.com\/de\/wp-json\/wp\/v2\/comments?post=101"}],"version-history":[{"count":10,"href":"https:\/\/first-spectrum-view.com\/de\/wp-json\/wp\/v2\/pages\/101\/revisions"}],"predecessor-version":[{"id":1876,"href":"https:\/\/first-spectrum-view.com\/de\/wp-json\/wp\/v2\/pages\/101\/revisions\/1876"}],"wp:attachment":[{"href":"https:\/\/first-spectrum-view.com\/de\/wp-json\/wp\/v2\/media?parent=101"}],"curies":[{"name":"wp","href":"https:\/\/api.w.org\/{rel}","templated":true}]}}